{"id":67,"date":"2013-12-09T22:33:41","date_gmt":"2013-12-09T22:33:41","guid":{"rendered":"https:\/\/planetstien.haf-astronomi.dk\/?page_id=67"},"modified":"2013-12-15T10:34:10","modified_gmt":"2013-12-15T09:34:10","slug":"om-planetstien","status":"publish","type":"page","link":"https:\/\/planetstien.haf-astronomi.dk\/?page_id=67","title":{"rendered":"Om planetstien"},"content":{"rendered":"<h1 style=\"text-align: center;\">Planetsti-Horsens<\/h1>\n<h3 style=\"text-align: center;\">Planetsti-Horsens blev indviet l\u00f8rdag den 24. september 2011<\/h3>\n<h3>Hvem st\u00e5r bag?<\/h3>\n<p><span style=\"font-size: small;\">Horsens Astronomiske Forening st\u00e5r bag omdannelsen af Bollerstien, Horsens, til en planetsti, med en model af Solen anbragt n\u00e6r H\u00f8egh Guldbergs Gade og de 8 planeter placeret langs stien med den yderste, Neptun, n\u00e6r Fiskerhuset ved Boller slot. Solen, planeterne og afstandene er skaleret i m\u00e5lestoksforholdet 1:1,5 mia. Planetstier findes flere andre steder i landet, men ingen kan i udstyr og placeringen langs Horsens Fjord m\u00e5le sig med Horsens&#8217; udgave af stien.<\/span><\/p>\n<p><a href=\"http:\/\/planetstien.haf-astronomi.dk\/wp-content\/uploads\/2013\/12\/kort.jpg\"><img loading=\"lazy\" decoding=\"async\" class=\"alignnone size-full wp-image-15\" title=\"Kort over planetstien\" alt=\"\" src=\"http:\/\/planetstien.haf-astronomi.dk\/wp-content\/uploads\/2013\/12\/kort.jpg\" width=\"800\" height=\"285\" srcset=\"https:\/\/planetstien.haf-astronomi.dk\/wp-content\/uploads\/2013\/12\/kort.jpg 800w, https:\/\/planetstien.haf-astronomi.dk\/wp-content\/uploads\/2013\/12\/kort-300x106.jpg 300w\" sizes=\"auto, (max-width: 800px) 100vw, 800px\" \/><\/a><\/p>\n<h3>Stien skal gavne og forn\u00f8je<\/h3>\n<p><span style=\"font-size: small;\">Form\u00e5let med planetstien er mangesidet. Stien skal b\u00e5de illustrere, hvor sm\u00e5 planeterne er i forhold til de kolossale afstande, og det enorme tomrum, der findes i Solsystemet. Det er hensigten at f\u00e5 de mange brugere af naturstien \u2013 spadserende, kondil\u00f8bere, hundeluftere, cyklister, mv. \u2013 til at stoppe op og undre sig og t\u00e6nke over universets mysterier, lige som stien vil kunne bidrage til, at Horsens\u2019 image styrkes som en by, hvor naturvidenskab ikke blot formidles p\u00e5 skoler og l\u00e6reanstalter, men ogs\u00e5 i den fri natur.<\/span><\/p>\n<table border=\"0\" cellspacing=\"2\" cellpadding=\"0\" align=\"center\">\n<tbody>\n<tr align=\"center\" valign=\"bottom\">\n<td class=\"size-auto\" scope=\"row\" align=\"left\" valign=\"bottom\"><a href=\"http:\/\/planetstien.haf-astronomi.dk\/wp-content\/uploads\/2013\/12\/solmodel.jpg\"><img loading=\"lazy\" decoding=\"async\" class=\"alignnone  wp-image-16\" style=\"border: 0px; margin: 0px;\" title=\"Solmodellen\" alt=\"\" src=\"http:\/\/planetstien.haf-astronomi.dk\/wp-content\/uploads\/2013\/12\/solmodel.jpg\" width=\"280\" height=\"333\" srcset=\"https:\/\/planetstien.haf-astronomi.dk\/wp-content\/uploads\/2013\/12\/solmodel.jpg 400w, https:\/\/planetstien.haf-astronomi.dk\/wp-content\/uploads\/2013\/12\/solmodel-252x300.jpg 252w\" sizes=\"auto, (max-width: 280px) 100vw, 280px\" \/><\/a><\/td>\n<td><a href=\"http:\/\/planetstien.haf-astronomi.dk\/wp-content\/uploads\/2013\/12\/solmodel_2.jpg\"><img loading=\"lazy\" decoding=\"async\" class=\"alignnone  wp-image-17\" style=\"margin: 0px; border: 0px;\" title=\"Solmodellen i n\u00e6rbillede\" alt=\"\" src=\"http:\/\/planetstien.haf-astronomi.dk\/wp-content\/uploads\/2013\/12\/solmodel_2.jpg\" width=\"280\" height=\"333\" srcset=\"https:\/\/planetstien.haf-astronomi.dk\/wp-content\/uploads\/2013\/12\/solmodel_2.jpg 400w, https:\/\/planetstien.haf-astronomi.dk\/wp-content\/uploads\/2013\/12\/solmodel_2-252x300.jpg 252w\" sizes=\"auto, (max-width: 280px) 100vw, 280px\" \/><\/a><\/td>\n<\/tr>\n<\/tbody>\n<\/table>\n<h3>Solmodellen<\/h3>\n<p><span style=\"font-size: small;\">Solmodellen best\u00e5r af en jernkugle, 1 m i diameter og belagt med bladguld. Den er anbragt p\u00e5 toppen af et 2,8 m h\u00f8jt jernstativ p\u00e5 et lille torv ved stiens start ved H\u00f8egh Guldbergs Gade. Solmodellen kan ses fra stor afstand. I begge ender af planetstien er anbragt en infotavle, der fort\u00e6ller om hele solsystemet med dets 8 planeter.\u00a0<\/span><span style=\"font-size: small;\">Solmodellen er placeret p\u00e5 positionen <\/span><\/p>\n<ul>\n<li>(55\u00b051&#8217;1.45&#8243; N, 9\u00b050&#8217;50.75 &#8221; \u00d8) = (55,850403\u00b0 N<strong>\u00a0,<\/strong>\u00a09,847431\u00b0 \u00d8).<\/li>\n<\/ul>\n<table border=\"0\" cellspacing=\"2\" cellpadding=\"0\" align=\"center\">\n<tbody>\n<tr align=\"center\" valign=\"bottom\">\n<td class=\"size-auto\" scope=\"row\" align=\"left\" valign=\"bottom\"><a href=\"http:\/\/planetstien.haf-astronomi.dk\/wp-content\/uploads\/2013\/12\/infotavle.jpg\"><img loading=\"lazy\" decoding=\"async\" class=\"alignnone  wp-image-16\" style=\"border: 0px; margin: 0px;\" title=\"Infotavle ved H\u00f8egh Guldbergs Gade\" alt=\"\" src=\"http:\/\/planetstien.haf-astronomi.dk\/wp-content\/uploads\/2013\/12\/infotavle.jpg\" width=\"280\" height=\"333\" \/><\/a><\/td>\n<td><a href=\"http:\/\/planetstien.haf-astronomi.dk\/wp-content\/uploads\/2013\/12\/infotavle_boller.jpg\"><img loading=\"lazy\" decoding=\"async\" class=\"alignnone  wp-image-17\" style=\"margin: 0px; border: 0px;\" title=\"Infotavle ved Boller Slot\" alt=\"\" src=\"http:\/\/planetstien.haf-astronomi.dk\/wp-content\/uploads\/2013\/12\/infotavle_boller.jpg\" width=\"280\" height=\"333\" \/><\/a><\/td>\n<\/tr>\n<\/tbody>\n<\/table>\n<h3>Planeterne<\/h3>\n<p><span style=\"font-size: small;\">Hver af planeterne er repr\u00e6senteret ved en ca. 5 tons tung natursten, hvorp\u00e5 der er anbragt en bronzeplade, der med tekst kort oplyser om planeten. P\u00e5 pladen er der ogs\u00e5 en model i rustfrit st\u00e5l af planeten i samme m\u00e5lestoksforhold som afstandene. Stenene med planeterne Merkur, Venus, Jorden, Mars, Jupiter, Saturn, Uranus og Neptun er anbragt i afstandene 38, 72, 100, 152, 520, 957, 1917 og 3000 m fra solmodellen.<\/span><\/p>\n<table border=\"0\" cellspacing=\"2\" cellpadding=\"0\" align=\"center\">\n<tbody>\n<tr align=\"center\" valign=\"bottom\">\n<td class=\"size-auto\" scope=\"row\" align=\"left\" valign=\"bottom\"><a href=\"http:\/\/planetstien.haf-astronomi.dk\/wp-content\/uploads\/2013\/12\/1_merkur.jpg\"><img loading=\"lazy\" decoding=\"async\" class=\"alignnone  wp-image-16\" style=\"border: 0px; margin: 0px;\" title=\"Merkur\" alt=\"\" src=\"http:\/\/planetstien.haf-astronomi.dk\/wp-content\/uploads\/2013\/12\/1_merkur.jpg\" width=\"280\" height=\"210\" \/><\/a><\/td>\n<td><a href=\"http:\/\/planetstien.haf-astronomi.dk\/wp-content\/uploads\/2013\/12\/2_venus.jpg\"><img loading=\"lazy\" decoding=\"async\" class=\"alignnone  wp-image-17\" style=\"margin: 0px; border: 0px;\" title=\"Venus\" alt=\"\" src=\"http:\/\/planetstien.haf-astronomi.dk\/wp-content\/uploads\/2013\/12\/2_venus.jpg\" width=\"280\" height=\"210\" \/><\/a><\/td>\n<\/tr>\n<tr align=\"center\" valign=\"bottom\">\n<td class=\"size-auto\" scope=\"row\" align=\"left\" valign=\"bottom\"><a href=\"http:\/\/planetstien.haf-astronomi.dk\/wp-content\/uploads\/2013\/12\/3_jorden.jpg\"><img loading=\"lazy\" decoding=\"async\" class=\"alignnone  wp-image-16\" style=\"border: 0px; margin: 0px;\" title=\"Jorden\" alt=\"\" src=\"http:\/\/planetstien.haf-astronomi.dk\/wp-content\/uploads\/2013\/12\/3_jorden.jpg\" width=\"280\" height=\"210\" \/><\/a><\/td>\n<td><a href=\"http:\/\/planetstien.haf-astronomi.dk\/wp-content\/uploads\/2013\/12\/4_mars.jpg\"><img loading=\"lazy\" decoding=\"async\" class=\"alignnone  wp-image-17\" style=\"margin: 0px; border: 0px;\" title=\"Mars\" alt=\"\" src=\"http:\/\/planetstien.haf-astronomi.dk\/wp-content\/uploads\/2013\/12\/4_mars.jpg\" width=\"280\" height=\"210\" \/><\/a><\/td>\n<\/tr>\n<tr align=\"center\" valign=\"bottom\">\n<td class=\"size-auto\" scope=\"row\" align=\"left\" valign=\"bottom\"><a href=\"http:\/\/planetstien.haf-astronomi.dk\/wp-content\/uploads\/2013\/12\/5_jupiter.jpg\"><img loading=\"lazy\" decoding=\"async\" class=\"alignnone  wp-image-16\" style=\"border: 0px; margin: 0px;\" title=\"Jupiter\" alt=\"\" src=\"http:\/\/planetstien.haf-astronomi.dk\/wp-content\/uploads\/2013\/12\/5_jupiter.jpg\" width=\"280\" height=\"210\" \/><\/a><\/td>\n<td><a href=\"http:\/\/planetstien.haf-astronomi.dk\/wp-content\/uploads\/2013\/12\/6_saturn.jpg\"><img loading=\"lazy\" decoding=\"async\" class=\"alignnone  wp-image-17\" style=\"margin: 0px; border: 0px;\" title=\"Saturn\" alt=\"\" src=\"http:\/\/planetstien.haf-astronomi.dk\/wp-content\/uploads\/2013\/12\/6_saturn.jpg\" width=\"280\" height=\"210\" \/><\/a><\/td>\n<\/tr>\n<tr align=\"center\" valign=\"bottom\">\n<td class=\"size-auto\" scope=\"row\" align=\"left\" valign=\"bottom\"><a href=\"http:\/\/planetstien.haf-astronomi.dk\/wp-content\/uploads\/2013\/12\/7_uranus.jpg\"><img loading=\"lazy\" decoding=\"async\" class=\"alignnone  wp-image-16\" style=\"border: 0px; margin: 0px;\" title=\"Uranus\" alt=\"\" src=\"http:\/\/planetstien.haf-astronomi.dk\/wp-content\/uploads\/2013\/12\/7_uranus.jpg\" width=\"280\" height=\"210\" \/><\/a><\/td>\n<td><a href=\"http:\/\/planetstien.haf-astronomi.dk\/wp-content\/uploads\/2013\/12\/8_neptun.jpg\"><img loading=\"lazy\" decoding=\"async\" class=\"alignnone  wp-image-17\" style=\"margin: 0px; border: 0px;\" title=\"Neptun\" alt=\"\" src=\"http:\/\/planetstien.haf-astronomi.dk\/wp-content\/uploads\/2013\/12\/8_neptun.jpg\" width=\"280\" height=\"210\" \/><\/a><\/td>\n<\/tr>\n<\/tbody>\n<\/table>\n<h3>Donationer fra fonde<\/h3>\n<p><span style=\"font-size: small;\">Planetstiens tilblivelse er sket i samarbejde med Horsens Kommune, og arbejdet er \u2013 p\u00e5n\u00e6r solmodellen \u2013 udf\u00f8rt af en r\u00e6kke lokale firmaer. Etableringen er muliggjort af donationer fra en r\u00e6kke fonde, is\u00e6r Inge og Asker Larsens fond til st\u00f8tte af almennyttige form\u00e5l, Foreningen Energi Horsens, Tips- og Lottomidler til Friluftslivet samt Familien Hede Nielsen fond.<\/span><\/p>\n<h3>Stiprojektets tilblivelse<\/h3>\n<p><span style=\"font-size: small;\">Ideen om en planetsti i Horsens er fostret af fhv. murermester Erik Schreiber i Horsens Astronomiske Forening. En arbejdsgruppe, der foruden Erik Schreiber best\u00e5r af orgelbygger Peter Kudsk Nielsen og lektor Knud Erik S\u00f8rensen, har arbejdet p\u00e5 stiens etablering i mere end et \u00e5r og kunne den 24. september 2011 sammen med ca. 200 andre gl\u00e6de sig over resultatet ved indvielsesarrangementet, som er beskrevet andetsteds.<\/span><\/p>\n<p style=\"text-align: center;\"><span style=\"font-size: x-small;\">Tekst: <em>Knud Erik S\u00f8rensen<\/em><\/span><br \/>\n<span style=\"font-size: x-small;\">Billeder: <em>Arne Tolstrup Madsen, Preben Huus Jensen<\/em> og <em>Knud Erik S\u00f8rensen<\/em><\/span><\/p>\n","protected":false},"excerpt":{"rendered":"<p>Planetsti-Horsens Planetsti-Horsens blev indviet l\u00f8rdag den 24. september 2011 Hvem st\u00e5r bag? Horsens Astronomiske Forening st\u00e5r bag omdannelsen af Bollerstien, Horsens, til en planetsti, med en model af Solen anbragt n\u00e6r H\u00f8egh Guldbergs Gade og de 8 planeter placeret langs &hellip; <a href=\"https:\/\/planetstien.haf-astronomi.dk\/?page_id=67\">L\u00e6s resten <span class=\"meta-nav\">&rarr;<\/span><\/a><\/p>\n","protected":false},"author":1,"featured_media":0,"parent":92,"menu_order":0,"comment_status":"closed","ping_status":"closed","template":"onecolumn-page.php","meta":{"footnotes":""},"class_list":["post-67","page","type-page","status-publish","hentry"],"_links":{"self":[{"href":"https:\/\/planetstien.haf-astronomi.dk\/index.php?rest_route=\/wp\/v2\/pages\/67","targetHints":{"allow":["GET"]}}],"collection":[{"href":"https:\/\/planetstien.haf-astronomi.dk\/index.php?rest_route=\/wp\/v2\/pages"}],"about":[{"href":"https:\/\/planetstien.haf-astronomi.dk\/index.php?rest_route=\/wp\/v2\/types\/page"}],"author":[{"embeddable":true,"href":"https:\/\/planetstien.haf-astronomi.dk\/index.php?rest_route=\/wp\/v2\/users\/1"}],"replies":[{"embeddable":true,"href":"https:\/\/planetstien.haf-astronomi.dk\/index.php?rest_route=%2Fwp%2Fv2%2Fcomments&post=67"}],"version-history":[{"count":11,"href":"https:\/\/planetstien.haf-astronomi.dk\/index.php?rest_route=\/wp\/v2\/pages\/67\/revisions"}],"predecessor-version":[{"id":193,"href":"https:\/\/planetstien.haf-astronomi.dk\/index.php?rest_route=\/wp\/v2\/pages\/67\/revisions\/193"}],"up":[{"embeddable":true,"href":"https:\/\/planetstien.haf-astronomi.dk\/index.php?rest_route=\/wp\/v2\/pages\/92"}],"wp:attachment":[{"href":"https:\/\/planetstien.haf-astronomi.dk\/index.php?rest_route=%2Fwp%2Fv2%2Fmedia&parent=67"}],"curies":[{"name":"wp","href":"https:\/\/api.w.org\/{rel}","templated":true}]}}